{"id":261,"date":"2021-07-15T12:34:14","date_gmt":"2021-07-15T15:34:14","guid":{"rendered":"https:\/\/c12video.com.br\/?page_id=261"},"modified":"2021-07-16T11:48:50","modified_gmt":"2021-07-16T14:48:50","slug":"solicite-um-orcamento","status":"publish","type":"page","link":"https:\/\/c12video.com.br\/?page_id=261","title":{"rendered":"Solicite um or\u00e7amento"},"content":{"rendered":"<!-- wp:shortcode--><div class=\"gridContainer\">\n\n<div class=\"wpcf7 no-js\" id=\"wpcf7-f224-o1\" lang=\"pt-BR\" dir=\"ltr\" data-wpcf7-id=\"224\">\n<div class=\"screen-reader-response\"><p role=\"status\" aria-live=\"polite\" aria-atomic=\"true\"><\/p> <ul><\/ul><\/div>\n<form action=\"\/index.php?rest_route=%2Fwp%2Fv2%2Fpages%2F261#wpcf7-f224-o1\" method=\"post\" class=\"wpcf7-form init\" aria-label=\"Formul\u00e1rios de contato\" novalidate=\"novalidate\" data-status=\"init\">\n<div style=\"display: none;\">\n<input type=\"hidden\" name=\"_wpcf7\" value=\"224\" \/>\n<input type=\"hidden\" name=\"_wpcf7_version\" value=\"6.0.4\" \/>\n<input type=\"hidden\" name=\"_wpcf7_locale\" value=\"pt_BR\" \/>\n<input type=\"hidden\" name=\"_wpcf7_unit_tag\" value=\"wpcf7-f224-o1\" \/>\n<input type=\"hidden\" name=\"_wpcf7_container_post\" value=\"0\" \/>\n<input type=\"hidden\" name=\"_wpcf7_posted_data_hash\" value=\"\" \/>\n<input type=\"hidden\" name=\"_wpcf7_recaptcha_response\" value=\"\" \/>\n<\/div>\n<p><label> Seu nome<br \/>\n<span class=\"wpcf7-form-control-wrap\" data-name=\"your-name\"><input size=\"40\" maxlength=\"400\" class=\"wpcf7-form-control wpcf7-text wpcf7-validates-as-required\" aria-required=\"true\" aria-invalid=\"false\" value=\"\" type=\"text\" name=\"your-name\" \/><\/span> <\/label>\n<\/p>\n<p><label> Seu e-mail<br \/>\n<span class=\"wpcf7-form-control-wrap\" data-name=\"your-email\"><input size=\"40\" maxlength=\"400\" class=\"wpcf7-form-control wpcf7-email wpcf7-validates-as-required wpcf7-text wpcf7-validates-as-email\" aria-required=\"true\" aria-invalid=\"false\" value=\"\" type=\"email\" name=\"your-email\" \/><\/span> <\/label>\n<\/p>\n<p><label> Seu telefone<br \/>\n<span class=\"wpcf7-form-control-wrap\" data-name=\"Telefone\"><input size=\"40\" maxlength=\"400\" class=\"wpcf7-form-control wpcf7-tel wpcf7-validates-as-required wpcf7-text wpcf7-validates-as-tel\" aria-required=\"true\" aria-invalid=\"false\" value=\"\" type=\"tel\" name=\"Telefone\" \/><\/span> <\/label>\n<\/p>\n<p><label> Tipo de servi\u00e7o <\/label>\n<\/p>\n<p><span class=\"wpcf7-form-control-wrap\" data-name=\"checkbox-390\"><span class=\"wpcf7-form-control wpcf7-checkbox wpcf7-validates-as-required\"><span class=\"wpcf7-list-item first\"><label><span class=\"wpcf7-list-item-label\">Captura de V\u00eddeo<\/span><input type=\"checkbox\" name=\"checkbox-390[]\" value=\"Captura de V\u00eddeo\" \/><\/label><\/span><span class=\"wpcf7-list-item\"><label><span class=\"wpcf7-list-item-label\">Captura de \u00c1udio<\/span><input type=\"checkbox\" name=\"checkbox-390[]\" value=\"Captura de \u00c1udio\" \/><\/label><\/span><span class=\"wpcf7-list-item\"><label><span class=\"wpcf7-list-item-label\">Edi\u00e7\u00e3o<\/span><input type=\"checkbox\" name=\"checkbox-390[]\" value=\"Edi\u00e7\u00e3o\" \/><\/label><\/span><span class=\"wpcf7-list-item last\"><label><span class=\"wpcf7-list-item-label\">Podcast<\/span><input type=\"checkbox\" name=\"checkbox-390[]\" value=\"Podcast\" \/><\/label><\/span><\/span><\/span>\n<\/p>\n<p><label> Link de refer\u00eancia<br \/>\n<span class=\"wpcf7-form-control-wrap\" data-name=\"url-570\"><input size=\"40\" maxlength=\"400\" class=\"wpcf7-form-control wpcf7-url wpcf7-text wpcf7-validates-as-url\" aria-invalid=\"false\" value=\"\" type=\"url\" name=\"url-570\" \/><\/span> <\/label>\n<\/p>\n<p><label> Tempo aprox em seg<br \/>\n<span class=\"wpcf7-form-control-wrap\" data-name=\"number-234\"><input class=\"wpcf7-form-control wpcf7-number wpcf7-validates-as-number\" aria-invalid=\"false\" value=\"\" type=\"number\" name=\"number-234\" \/><\/span> <\/label>\n<\/p>\n<p><label> Descri\u00e7\u00e3o do servi\u00e7o<br \/>\n<span class=\"wpcf7-form-control-wrap\" data-name=\"your-message\"><textarea cols=\"40\" rows=\"10\" maxlength=\"2000\" class=\"wpcf7-form-control wpcf7-textarea\" aria-invalid=\"false\" name=\"your-message\"><\/textarea><\/span> <\/label>\n<\/p>\n<p><span class=\"wpcf7-form-control-wrap\" data-name=\"acceptance-703\"><span class=\"wpcf7-form-control wpcf7-acceptance\"><span class=\"wpcf7-list-item\"><label><p><span class=\"wpcf7-form-control-wrap\"><input id=\"f12_captcha\" type=\"text\" style=\"visibility:hidden!important; opacity:1!important; height:0!important; width:0!important; margin:0!important; padding:0!important;\" name=\"f12_captcha\" value=\"\"\/><\/span><\/p><input type=\"checkbox\" name=\"acceptance-703\" value=\"1\" aria-invalid=\"false\" \/><span class=\"wpcf7-list-item-label\">Confirme aqui.<\/span><\/label><\/span><\/span><\/span><input class=\"wpcf7-form-control wpcf7-submit has-spinner\" type=\"submit\" value=\"Enviar\" \/>\n<\/p><div class=\"wpcf7-response-output\" aria-hidden=\"true\"><\/div>\n<\/form>\n<\/div>\n\n<\/div><!-- \/wp:shortcode-->\n\n<!-- wp:paragraph--><div class=\"gridContainer\">\n<p><\/p>\n<\/div><!-- \/wp:paragraph-->","protected":false},"excerpt":{"rendered":"","protected":false},"author":1,"featured_media":0,"parent":0,"menu_order":0,"comment_status":"closed","ping_status":"closed","template":"","meta":{"footnotes":""},"class_list":["post-261","page","type-page","status-publish","hentry"],"yoast_head":"<!-- This site is optimized with the Yoast SEO plugin v24.5 - https:\/\/yoast.com\/wordpress\/plugins\/seo\/ -->\n<title>Solicite um or\u00e7amento - C12Video<\/title>\n<meta name=\"robots\" content=\"index, follow, max-snippet:-1, max-image-preview:large, max-video-preview:-1\" \/>\n<link rel=\"canonical\" href=\"https:\/\/c12video.com.br\/?page_id=261\" \/>\n<meta property=\"og:locale\" content=\"pt_BR\" \/>\n<meta property=\"og:type\" content=\"article\" \/>\n<meta property=\"og:title\" content=\"Solicite um or\u00e7amento - C12Video\" \/>\n<meta property=\"og:url\" content=\"https:\/\/c12video.com.br\/?page_id=261\" \/>\n<meta property=\"og:site_name\" content=\"C12Video\" \/>\n<meta property=\"article:modified_time\" content=\"2021-07-16T14:48:50+00:00\" \/>\n<meta name=\"twitter:card\" content=\"summary_large_image\" \/>\n<meta name=\"twitter:label1\" content=\"Est. tempo de leitura\" \/>\n\t<meta name=\"twitter:data1\" content=\"1 minuto\" \/>\n<script type=\"application\/ld+json\" class=\"yoast-schema-graph\">{\"@context\":\"https:\/\/schema.org\",\"@graph\":[{\"@type\":\"WebPage\",\"@id\":\"https:\/\/c12video.com.br\/?page_id=261\",\"url\":\"https:\/\/c12video.com.br\/?page_id=261\",\"name\":\"Solicite um or\u00e7amento - C12Video\",\"isPartOf\":{\"@id\":\"https:\/\/c12video.com.br\/#website\"},\"datePublished\":\"2021-07-15T15:34:14+00:00\",\"dateModified\":\"2021-07-16T14:48:50+00:00\",\"breadcrumb\":{\"@id\":\"https:\/\/c12video.com.br\/?page_id=261#breadcrumb\"},\"inLanguage\":\"pt-BR\",\"potentialAction\":[{\"@type\":\"ReadAction\",\"target\":[\"https:\/\/c12video.com.br\/?page_id=261\"]}]},{\"@type\":\"BreadcrumbList\",\"@id\":\"https:\/\/c12video.com.br\/?page_id=261#breadcrumb\",\"itemListElement\":[{\"@type\":\"ListItem\",\"position\":1,\"name\":\"In\u00edcio\",\"item\":\"https:\/\/c12video.com.br\/\"},{\"@type\":\"ListItem\",\"position\":2,\"name\":\"Solicite um or\u00e7amento\"}]},{\"@type\":\"WebSite\",\"@id\":\"https:\/\/c12video.com.br\/#website\",\"url\":\"https:\/\/c12video.com.br\/\",\"name\":\"C12Video\",\"description\":\"Preencha os campos abaixo\",\"publisher\":{\"@id\":\"https:\/\/c12video.com.br\/#organization\"},\"potentialAction\":[{\"@type\":\"SearchAction\",\"target\":{\"@type\":\"EntryPoint\",\"urlTemplate\":\"https:\/\/c12video.com.br\/?s={search_term_string}\"},\"query-input\":{\"@type\":\"PropertyValueSpecification\",\"valueRequired\":true,\"valueName\":\"search_term_string\"}}],\"inLanguage\":\"pt-BR\"},{\"@type\":\"Organization\",\"@id\":\"https:\/\/c12video.com.br\/#organization\",\"name\":\"C12Video\",\"url\":\"https:\/\/c12video.com.br\/\",\"logo\":{\"@type\":\"ImageObject\",\"inLanguage\":\"pt-BR\",\"@id\":\"https:\/\/c12video.com.br\/#\/schema\/logo\/image\/\",\"url\":\"https:\/\/c12video.com.br\/wp-content\/uploads\/2021\/02\/Carbono12.png\",\"contentUrl\":\"https:\/\/c12video.com.br\/wp-content\/uploads\/2021\/02\/Carbono12.png\",\"width\":668,\"height\":664,\"caption\":\"C12Video\"},\"image\":{\"@id\":\"https:\/\/c12video.com.br\/#\/schema\/logo\/image\/\"}}]}<\/script>\n<!-- \/ Yoast SEO plugin. -->","yoast_head_json":{"title":"Solicite um or\u00e7amento - C12Video","robots":{"index":"index","follow":"follow","max-snippet":"max-snippet:-1","max-image-preview":"max-image-preview:large","max-video-preview":"max-video-preview:-1"},"canonical":"https:\/\/c12video.com.br\/?page_id=261","og_locale":"pt_BR","og_type":"article","og_title":"Solicite um or\u00e7amento - C12Video","og_url":"https:\/\/c12video.com.br\/?page_id=261","og_site_name":"C12Video","article_modified_time":"2021-07-16T14:48:50+00:00","twitter_card":"summary_large_image","twitter_misc":{"Est. tempo de leitura":"1 minuto"},"schema":{"@context":"https:\/\/schema.org","@graph":[{"@type":"WebPage","@id":"https:\/\/c12video.com.br\/?page_id=261","url":"https:\/\/c12video.com.br\/?page_id=261","name":"Solicite um or\u00e7amento - C12Video","isPartOf":{"@id":"https:\/\/c12video.com.br\/#website"},"datePublished":"2021-07-15T15:34:14+00:00","dateModified":"2021-07-16T14:48:50+00:00","breadcrumb":{"@id":"https:\/\/c12video.com.br\/?page_id=261#breadcrumb"},"inLanguage":"pt-BR","potentialAction":[{"@type":"ReadAction","target":["https:\/\/c12video.com.br\/?page_id=261"]}]},{"@type":"BreadcrumbList","@id":"https:\/\/c12video.com.br\/?page_id=261#breadcrumb","itemListElement":[{"@type":"ListItem","position":1,"name":"In\u00edcio","item":"https:\/\/c12video.com.br\/"},{"@type":"ListItem","position":2,"name":"Solicite um or\u00e7amento"}]},{"@type":"WebSite","@id":"https:\/\/c12video.com.br\/#website","url":"https:\/\/c12video.com.br\/","name":"C12Video","description":"Preencha os campos abaixo","publisher":{"@id":"https:\/\/c12video.com.br\/#organization"},"potentialAction":[{"@type":"SearchAction","target":{"@type":"EntryPoint","urlTemplate":"https:\/\/c12video.com.br\/?s={search_term_string}"},"query-input":{"@type":"PropertyValueSpecification","valueRequired":true,"valueName":"search_term_string"}}],"inLanguage":"pt-BR"},{"@type":"Organization","@id":"https:\/\/c12video.com.br\/#organization","name":"C12Video","url":"https:\/\/c12video.com.br\/","logo":{"@type":"ImageObject","inLanguage":"pt-BR","@id":"https:\/\/c12video.com.br\/#\/schema\/logo\/image\/","url":"https:\/\/c12video.com.br\/wp-content\/uploads\/2021\/02\/Carbono12.png","contentUrl":"https:\/\/c12video.com.br\/wp-content\/uploads\/2021\/02\/Carbono12.png","width":668,"height":664,"caption":"C12Video"},"image":{"@id":"https:\/\/c12video.com.br\/#\/schema\/logo\/image\/"}}]}},"_links":{"self":[{"href":"https:\/\/c12video.com.br\/index.php?rest_route=\/wp\/v2\/pages\/261","targetHints":{"allow":["GET"]}}],"collection":[{"href":"https:\/\/c12video.com.br\/index.php?rest_route=\/wp\/v2\/pages"}],"about":[{"href":"https:\/\/c12video.com.br\/index.php?rest_route=\/wp\/v2\/types\/page"}],"author":[{"embeddable":true,"href":"https:\/\/c12video.com.br\/index.php?rest_route=\/wp\/v2\/users\/1"}],"replies":[{"embeddable":true,"href":"https:\/\/c12video.com.br\/index.php?rest_route=%2Fwp%2Fv2%2Fcomments&post=261"}],"version-history":[{"count":4,"href":"https:\/\/c12video.com.br\/index.php?rest_route=\/wp\/v2\/pages\/261\/revisions"}],"predecessor-version":[{"id":271,"href":"https:\/\/c12video.com.br\/index.php?rest_route=\/wp\/v2\/pages\/261\/revisions\/271"}],"wp:attachment":[{"href":"https:\/\/c12video.com.br\/index.php?rest_route=%2Fwp%2Fv2%2Fmedia&parent=261"}],"curies":[{"name":"wp","href":"https:\/\/api.w.org\/{rel}","templated":true}]}}